{"id":209,"date":"2025-12-21T11:51:08","date_gmt":"2025-12-21T11:51:08","guid":{"rendered":"https:\/\/wp.atlasbike.es\/?page_id=209"},"modified":"2025-12-21T11:51:08","modified_gmt":"2025-12-21T11:51:08","slug":"politica-de-cookies","status":"publish","type":"page","link":"https:\/\/www.atlasbike.es\/index.php\/politica-de-cookies\/","title":{"rendered":"POL\u00cdTICA DE COOKIES"},"content":{"rendered":"\n<p><strong>POL\u00cdTICA DE COOKIES<\/strong><\/p>\n\n\n\n<p><br>I<strong>dentificaci\u00f3n del Titular de la app:<\/strong><\/p>\n\n\n\n<p>ATLAS BIKE SL, es una compa\u00f1\u00eda de nacionalidad espa\u00f1ola, con CIF B75498097, domicilio en C\/ Corona 19, Portal B. 28054 (Madrid).&nbsp; &nbsp; &nbsp; &nbsp; &nbsp; &nbsp; &nbsp; &nbsp; &nbsp; &nbsp; &nbsp; &nbsp; &nbsp; &nbsp; &nbsp; &nbsp; &nbsp; &nbsp; &nbsp; &nbsp; &nbsp; &nbsp;<\/p>\n\n\n\n<p><strong>Qu\u00e9 es una cookie<\/strong><\/p>\n\n\n\n<p>Una cookie es un fichero que se descarga en su ordenador, dispositivo o terminal (tel\u00e9fono, tableta, etc.) cuando desde tales dispositivos se accede a la aplicaci\u00f3n o p\u00e1gina web desde la que se descargan las cookies. Las cookies permiten que una aplicaci\u00f3n o p\u00e1gina web pueda, entre otras cosas, almacenar y recuperar informaci\u00f3n sobre los h\u00e1bitos de navegaci\u00f3n de un usuario o de su equipo; y, dependiendo de la informaci\u00f3n que contengan y de la forma en que utilice su equipo, pueden servir para reconocer los h\u00e1bitos de navegaci\u00f3n y las preferencias de la persona que maneja tales dispositivos y, en el caso de que la facilite por un procedimiento de registro u otro de similar naturaleza, la identidad del usuario de la misma.<\/p>\n\n\n\n<p><strong>Qu\u00e9 tipos de cookies se utilizan en Atlas Bike, y cu\u00e1l es su objetivo.<\/strong><\/p>\n\n\n\n<p>Las cookies existentes en la aplicaci\u00f3n son: \u201cPropias\u201d o \u201cde terceros\u201d, seg\u00fan sean gestionadas por el titular de la aplicaci\u00f3n o por compa\u00f1\u00edas distintas del titular. \u201cDe sesi\u00f3n\u201d o \u201cpersistentes\u201d, seg\u00fan se autoeliminan al finalizar la sesi\u00f3n, esto es, al cerrar el navegador que Ud. utiliza para navegar por internet, o permanezcan en su equipo despu\u00e9s de haber cerrado el navegador. \u201cDe an\u00e1lisis\u201d o \u201cpublicitarias\u201d. Las \u201cde an\u00e1lisis\u201d son aqu\u00e9llas que, bien tratadas por el titular o por terceros, tienen por objeto cuantificar el n\u00famero de usuarios y realizar la medici\u00f3n y an\u00e1lisis estad\u00edstico de la utilizaci\u00f3n que hacen los usuarios del servicio ofertado, para lo que se analiza su navegaci\u00f3n en la aplicaci\u00f3n, con el fin de que \u00e9sta pueda mejorar o personalizar la oferta de servicios que \u00e9sta ofrece. Las \u201cpublicitarias\u201d son aqu\u00e9llas que, bien tratadas por el titular o por terceros, permiten gestionar de la forma m\u00e1s eficaz posible la oferta de los espacios publicitarios que hay en la aplicaci\u00f3n, adecuando el contenido del anuncio al contenido del servicio solicitado o al uso que cada usuario realiza de la aplicaci\u00f3n. Para ello, se analizan los h\u00e1bitos de navegaci\u00f3n y se muestra publicidad relacionada con el perfil de navegaci\u00f3n del usuario.Espec\u00edficamente, las cookies utilizadas en esta aplicaci\u00f3n, con indicaci\u00f3n de su car\u00e1cter propio o de terceros, su respectiva finalidad y su car\u00e1cter permanente o no, son las siguientes:<\/p>\n\n\n\n<p><strong>NombreServidor de OrigenPropia \/ De tercerosFinalidadDe sesi\u00f3n o persistente<\/strong><\/p>\n\n\n\n<p>Google AnalyticsGoogle.comDe tercerosAn\u00e1lisis de navegaci\u00f3nDe sesi\u00f3nAddthisaddthis.comDe tercerosAn\u00e1lisis de navegaci\u00f3n\/Compartir contenidoDe sesi\u00f3nLos proveedores de las cookies, distintos al propietario de la aplicaci\u00f3n que tratan la informaci\u00f3n obtenida a trav\u00e9s de ellas, la finalidad de las cookies, y las direcciones web en las que Ud. puede encontrar informaci\u00f3n adicional sobre tales extremos son los siguientes:<\/p>\n\n\n\n<p><br><strong>Proveedor&nbsp; CookieFinalidadInformaci\u00f3n adicional<\/strong><\/p>\n\n\n\n<p>Google Adsensehttps:\/\/support.google.com\/adsense\/answer\/1348695?hl=esSegmentaci\u00f3n publicitaria- Es importante detallar que los diferentes tipos de cookies que est\u00e1n expuestos aqu\u00ed arriba pueden cambiar en funci\u00f3n de los servicios ofrecidos en la aplicaci\u00f3n. Por lo tanto, es posible que en alg\u00fan momento no se mencionan los tipos de cookies espec\u00edficos. Esto puede pasar en el momento de actualizaci\u00f3n de la aplicaci\u00f3n.El usuario puede configurar, deshabilitar o eliminar las cookies accediendo a la configuraci\u00f3n de las opciones del navegador de internet, o acudiendo a las direcciones de internet de los proveedores de las diferentes cookies y siguiendo los procesos de los mismos. Es importante mencionar que si el usuario no da permiso a la instalaci\u00f3n de cookies es probable que no pueda acceder a determinados contenidos o servicios de la aplicaci\u00f3n.La Informaci\u00f3n facilitada a los usuarios por los fabricantes de los navegadores de internet m\u00e1s habituales se encuentra accesible a trav\u00e9s de los siguientes enlaces: <a href=\"https:\/\/www.microsoft.com\/es-es\/download\/internet-explorer.aspx\">Internet Explorer<\/a>, <a href=\"https:\/\/www.apple.com\/es\/safari\/\">Safari<\/a>, <a href=\"https:\/\/support.apple.com\/es-es\/safari\">Safari para IOS (iPad y iPhone)<\/a>, <a href=\"https:\/\/www.mozilla.org\/es-ES\/firefox\/new\/\">Mozilla Firefox<\/a>, <a href=\"https:\/\/www.google.es\/chrome\/index.html\">Google Chrome<\/a>, <a href=\"https:\/\/www.google.es\/chrome\/browser\/mobile\/index.html\">Google Chrome para Android<\/a>.<\/p>\n\n\n\n<p><strong>Informaci\u00f3n facilitada a los usuarios por los proveedores de cookies:<\/strong><\/p>\n\n\n\n<p>Es a trav\u00e9s del proveedor, la cookie y el procedimiento de supresi\u00f3n o deshabilitaci\u00f3n.<\/p>\n\n\n\n<p><strong>Consentimiento del usuario<\/strong><\/p>\n\n\n\n<p>El Titular de la aplicaci\u00f3n no guarda los datos personales de los usuarios que navegan por la aplicaci\u00f3n. S\u00ed guarda las direcciones IP desde las que \u00e9stos acceden. Los usuarios pueden registrarse en la aplicaci\u00f3n de manera voluntaria, todos sus datos y su tratamiento se describen en la <a href=\"https:\/\/www.circuito7estrellas.com\/web-privacidad\">Pol\u00edtica de privacidad<\/a>. La recogida de los datos personales ser\u00e1 necesaria para la contrataci\u00f3n de servicios que se pueda ofrecer en un futuro en la aplicaci\u00f3n. As\u00ed como el env\u00edo de promociones, ofertas e informaci\u00f3n del mundo del ciclismo. Anteriormente, la aplicaci\u00f3n habr\u00e1 solicitado su consentimiento informando de la finalidad de la recogida de datos personales as\u00ed como la duraci\u00f3n de la conservaci\u00f3n de los mismos.Al navegar en las direcciones de Internet, el usuario inicialmente, nos ha prestado su consentimiento al uso de las cookies detalladas en la Pol\u00edtica de Cookies.<\/p>\n\n\n\n<p><\/p>\n","protected":false},"excerpt":{"rendered":"<p>POL\u00cdTICA DE COOKIES Identificaci\u00f3n del Titular de la app: ATLAS BIKE SL, es una compa\u00f1\u00eda de nacionalidad espa\u00f1ola, con CIF B75498097, domicilio en C\/ Corona 19, Portal B. 28054 (Madrid).&nbsp; &nbsp; &nbsp; &nbsp; &nbsp; &nbsp; &nbsp; &nbsp; &nbsp; &nbsp; &nbsp; &nbsp; &nbsp; &nbsp; &nbsp; &nbsp; &nbsp; &nbsp; &nbsp; &nbsp; &nbsp; &nbsp; Qu\u00e9 es una cookie [&hellip;]<\/p>\n","protected":false},"author":1,"featured_media":0,"parent":0,"menu_order":0,"comment_status":"closed","ping_status":"closed","template":"","meta":{"footnotes":""},"class_list":["post-209","page","type-page","status-publish","hentry"],"_links":{"self":[{"href":"https:\/\/www.atlasbike.es\/index.php\/wp-json\/wp\/v2\/pages\/209","targetHints":{"allow":["GET"]}}],"collection":[{"href":"https:\/\/www.atlasbike.es\/index.php\/wp-json\/wp\/v2\/pages"}],"about":[{"href":"https:\/\/www.atlasbike.es\/index.php\/wp-json\/wp\/v2\/types\/page"}],"author":[{"embeddable":true,"href":"https:\/\/www.atlasbike.es\/index.php\/wp-json\/wp\/v2\/users\/1"}],"replies":[{"embeddable":true,"href":"https:\/\/www.atlasbike.es\/index.php\/wp-json\/wp\/v2\/comments?post=209"}],"version-history":[{"count":1,"href":"https:\/\/www.atlasbike.es\/index.php\/wp-json\/wp\/v2\/pages\/209\/revisions"}],"predecessor-version":[{"id":210,"href":"https:\/\/www.atlasbike.es\/index.php\/wp-json\/wp\/v2\/pages\/209\/revisions\/210"}],"wp:attachment":[{"href":"https:\/\/www.atlasbike.es\/index.php\/wp-json\/wp\/v2\/media?parent=209"}],"curies":[{"name":"wp","href":"https:\/\/api.w.org\/{rel}","templated":true}]}}