{"id":2,"date":"2024-06-15T19:15:18","date_gmt":"2024-06-15T19:15:18","guid":{"rendered":"https:\/\/wp.atlasbike.es\/?page_id=2"},"modified":"2024-11-21T10:37:06","modified_gmt":"2024-11-21T10:37:06","slug":"sample-page","status":"publish","type":"page","link":"https:\/\/www.atlasbike.es\/index.php\/sample-page\/","title":{"rendered":"T\u00c9RMINOS Y CONDICIONES"},"content":{"rendered":"\n<p>Los presentes t\u00e9rminos y condiciones rigen el acceso y uso de la aplicaci\u00f3n ATLAS BIKE y cualquier contenido, funcionalidad y servicio que se ofrezca a trav\u00e9s de la misma.<\/p>\n\n\n\n<p>Al beneficiarse de los servicios como usuario, acepta estar obligado por estos T\u00e9rminos y Condiciones.<\/p>\n\n\n\n<h5 class=\"wp-block-heading\"><strong>Titular de la aplicaci\u00f3n<\/strong><\/h5>\n\n\n\n<p>La aplicaci\u00f3n de Atlas Bike es titularidad de la empresa Atlas Bike S.L., con domicilio fiscal en la calle Corona 19 de Madrid (28054), y N\u00famero de Identificaci\u00f3n Fiscal B-75498097 . Esta sociedad se encuentra inscrita en el Registro Mercantil de Madrid.<\/p>\n\n\n\n<h5 class=\"wp-block-heading\"><strong>Servicio de informaci\u00f3n y atenci\u00f3n al usuario<\/strong><\/h5>\n\n\n\n<p>Para dirigirse a Atlas Bike puede utilizarse los datos siguientes:<\/p>\n\n\n\n<p>Correo electr\u00f3nico: <a href=\"mailto:info@atlasbike.es\">info@atlasbike.es<\/a><\/p>\n\n\n\n<h5 class=\"wp-block-heading\"><strong>Uso de la aplicaci\u00f3n&nbsp;<\/strong><\/h5>\n\n\n\n<p>El uso de la aplicaci\u00f3n es de car\u00e1cter gratuito y no requiere que los usuarios paguen una cuota por su uso. \u00danicamente para poder usar la aplicaci\u00f3n es necesario el registro de un perfil  o login donde el usuario debe facilitar una m\u00ednima informaci\u00f3n personal, con el objetivo de personalizar la recepci\u00f3n de informaci\u00f3n relativa a los servicios de la aplicaci\u00f3n y el uso de sus funcionalidades. <\/p>\n\n\n\n<h5 class=\"wp-block-heading\"><strong>Uso de la aplicaci\u00f3n&nbsp;<\/strong><\/h5>\n\n\n\n<p>En la aplicaci\u00f3n Atlas Bike puede aparecer contenido publicitario. Este contenido publicitario podr\u00e1 aparecer en materia de anuncios o patrocinios de empresas que apuesten por los servicios de Atlas Bike.<\/p>\n\n\n\n<p> El usuario de la aplicaci\u00f3n acepta el contenido publicitario desde que es registrado.<\/p>\n\n\n\n<h5 class=\"wp-block-heading\"><strong>Propiedad intelectual&nbsp;<\/strong><\/h5>\n\n\n\n<p>La aplicaci\u00f3n y todo su contenido, entre otros, los logotipos, la disposici\u00f3n, el dise\u00f1o, el aspecto, la apariencia, los gr\u00e1ficos, las im\u00e1genes y los derechos de autor, son propiedad exclusiva de Atlas Bike S.L. Los usuarios no tienen derecho a utilizar o reproducir el contenido de la aplicaci\u00f3n sin el consentimiento previo y por escrito de la compa\u00f1\u00eda.<\/p>\n\n\n\n<h5 class=\"wp-block-heading\"><strong>Responsabilidad y garant\u00edas<\/strong><\/h5>\n\n\n\n<p>Atlas Bike S.L. no ser\u00e1 responsable por los da\u00f1os o p\u00e9rdidas que surjan del uso o la imposibilidad de usar la aplicaci\u00f3n o los servicios, incluyendo, entre otros, cualquier da\u00f1o directo, indirecto, incidental, consecuente o punitivo.<\/p>\n\n\n\n<p>Atlas Bike S.L. no garantiza la licitud, fiabilidad, utilidad, veracidad o exactitud de los servicios o de la informaci\u00f3n que difunda a trav\u00e9s de su app.<\/p>\n\n\n\n<p>Atlas Bike S.L. no se hace responsable ni garantiza: (i) el funcionamiento de la aplicaci\u00f3n; (II) la continuidad de los contenidos de la aplicaci\u00f3n; (III) la ausencia de errores en dichos contenidos ni la correcci\u00f3n de cualquier defecto que pudiera ocurrir; (IV) la ausencia de virus y\/o dem\u00e1s componentes da\u00f1inos en la aplicaci\u00f3n o en el servidor que lo suministra; (V) la invulnerabilidad de la aplicaci\u00f3n y\/o la inexpugnabilidad de las medidas de seguridad que se adopten en el mismo; (VI) la falta de utilidad o rendimiento de los contenidos de la aplicaci\u00f3n; (VII) los da\u00f1os o perjuicios que cause, a s\u00ed mismo o a un tercero, cualquier persona que infringiera las condiciones, normas e instrucciones que Atlas Bike S.L. establece en la aplicaci\u00f3n o a trav\u00e9s de la vulneraci\u00f3n de los sistemas de seguridad de la misma; (VIII) los contenidos de los anuncios de terceros que aparezcan en la aplicaci\u00f3n.<\/p>\n\n\n\n<p>No obstante, Atlas Bike S.L. declara que ha adoptado todas las medidas necesarias, dentro de sus posibilidades y del estado de la tecnolog\u00eda, para garantizar el funcionamiento de la aplicaci\u00f3n y evitar la existencia y transmisi\u00f3n a los usuarios de virus y otros componentes da\u00f1inos.<\/p>\n\n\n\n<h5 class=\"wp-block-heading\"><strong>Modificaciones en la aplicaci\u00f3n&nbsp;<\/strong><\/h5>\n\n\n\n<p>Atlas Bike S.L. se reserva el derecho de actualizar, modificar, suspender o interrumpir la aplicaci\u00f3n o los servicios en cualquier momento sin previo aviso. La compa\u00f1\u00eda no ser\u00e1 responsable de ninguna p\u00e9rdida o da\u00f1o que pueda resultar de dichas modificaciones, actualizaciones, suspensiones o interrupciones.<\/p>\n\n\n\n<h5 class=\"wp-block-heading\"><strong>Privacidad&nbsp;<\/strong><\/h5>\n\n\n\n<p>Atlas Bike S.L. recoger\u00e1 lo datos personales de todos los usuarios de acuerdo al cumplimiento del Reglamento (UE) 2016\/679 relativo a la protecci\u00f3n de las personas f\u00edsicas, con el fin de poder gestionar los servicios de la aplicaci\u00f3n, protegiendo la privacidad de los usuarios.<\/p>\n\n\n\n<p>Puede consultar la informaci\u00f3n relativa a dicha protecci\u00f3n de datos en nuestra <a href=\"https:\/\/matchapp.es\/terms\/\">pol\u00edtica de privacidad<\/a>.<\/p>\n\n\n\n<h5 class=\"wp-block-heading\"><strong>Cambios en los t\u00e9rminos&nbsp;<\/strong><\/h5>\n\n\n\n<p>Atlas Bike S.L. se reserva el derecho de cambiar estos T\u00e9rminos en cualquier momento. Si se realizan cambios significativos, se le notificar\u00e1 a trav\u00e9s de la aplicaci\u00f3n o por correo electr\u00f3nico. El uso continuado de la aplicaci\u00f3n despu\u00e9s de dicha notificaci\u00f3n constituir\u00e1 su aceptaci\u00f3n de los t\u00e9rminos revisados.<\/p>\n","protected":false},"excerpt":{"rendered":"<p>Los presentes t\u00e9rminos y condiciones rigen el acceso y uso de la aplicaci\u00f3n ATLAS BIKE y cualquier contenido, funcionalidad y servicio que se ofrezca a trav\u00e9s de la misma. Al beneficiarse de los servicios como usuario, acepta estar obligado por estos T\u00e9rminos y Condiciones. Titular de la aplicaci\u00f3n La aplicaci\u00f3n de Atlas Bike es titularidad [&hellip;]<\/p>\n","protected":false},"author":1,"featured_media":0,"parent":0,"menu_order":0,"comment_status":"closed","ping_status":"open","template":"","meta":{"footnotes":""},"class_list":["post-2","page","type-page","status-publish","hentry"],"_links":{"self":[{"href":"https:\/\/www.atlasbike.es\/index.php\/wp-json\/wp\/v2\/pages\/2","targetHints":{"allow":["GET"]}}],"collection":[{"href":"https:\/\/www.atlasbike.es\/index.php\/wp-json\/wp\/v2\/pages"}],"about":[{"href":"https:\/\/www.atlasbike.es\/index.php\/wp-json\/wp\/v2\/types\/page"}],"author":[{"embeddable":true,"href":"https:\/\/www.atlasbike.es\/index.php\/wp-json\/wp\/v2\/users\/1"}],"replies":[{"embeddable":true,"href":"https:\/\/www.atlasbike.es\/index.php\/wp-json\/wp\/v2\/comments?post=2"}],"version-history":[{"count":5,"href":"https:\/\/www.atlasbike.es\/index.php\/wp-json\/wp\/v2\/pages\/2\/revisions"}],"predecessor-version":[{"id":154,"href":"https:\/\/www.atlasbike.es\/index.php\/wp-json\/wp\/v2\/pages\/2\/revisions\/154"}],"wp:attachment":[{"href":"https:\/\/www.atlasbike.es\/index.php\/wp-json\/wp\/v2\/media?parent=2"}],"curies":[{"name":"wp","href":"https:\/\/api.w.org\/{rel}","templated":true}]}}